{"id":1128,"date":"2022-02-10T11:21:58","date_gmt":"2022-02-10T11:21:58","guid":{"rendered":"https:\/\/bahnhoefle-stubersheim.de\/?page_id=1128"},"modified":"2023-12-16T09:01:20","modified_gmt":"2023-12-16T09:01:20","slug":"fruehstueck","status":"publish","type":"page","link":"https:\/\/bahnhoefle-stubersheim.de\/en\/fruehstueck\/","title":{"rendered":"Breakfast"},"content":{"rendered":"<div data-elementor-type=\"wp-page\" data-elementor-id=\"1128\" class=\"elementor elementor-1128\">\n\t\t\t\t\t\t<section class=\"elementor-section elementor-top-section elementor-element elementor-element-47ffff4 elementor-section-boxed elementor-section-height-default elementor-section-height-default\" data-id=\"47ffff4\" data-element_type=\"section\" data-e-type=\"section\" data-settings=\"{&quot;hoteller_ext_is_background_parallax&quot;:&quot;false&quot;,&quot;hoteller_ext_is_background_on_scroll&quot;:&quot;false&quot;}\">\n\t\t\t\t\t\t<div class=\"elementor-container elementor-column-gap-default\">\n\t\t\t\t\t<div class=\"elementor-column elementor-col-100 elementor-top-column elementor-element elementor-element-c9966c0\" data-id=\"c9966c0\" data-element_type=\"column\" data-e-type=\"column\" data-settings=\"{&quot;hoteller_ext_is_scrollme&quot;:&quot;false&quot;,&quot;hoteller_ext_is_smoove&quot;:&quot;false&quot;,&quot;hoteller_ext_is_parallax_mouse&quot;:&quot;false&quot;,&quot;hoteller_ext_is_infinite&quot;:&quot;false&quot;,&quot;hoteller_ext_is_fadeout_animation&quot;:&quot;false&quot;}\">\n\t\t\t<div class=\"elementor-widget-wrap elementor-element-populated\">\n\t\t\t\t\t\t<div class=\"elementor-element elementor-element-1db2752 elementor-widget elementor-widget-image\" data-id=\"1db2752\" data-element_type=\"widget\" data-e-type=\"widget\" data-settings=\"{&quot;hoteller_image_is_animation&quot;:&quot;false&quot;,&quot;hoteller_ext_is_scrollme&quot;:&quot;false&quot;,&quot;hoteller_ext_is_smoove&quot;:&quot;false&quot;,&quot;hoteller_ext_is_parallax_mouse&quot;:&quot;false&quot;,&quot;hoteller_ext_is_infinite&quot;:&quot;false&quot;,&quot;hoteller_ext_is_fadeout_animation&quot;:&quot;false&quot;}\" data-widget_type=\"image.default\">\n\t\t\t\t<div class=\"elementor-widget-container\">\n\t\t\t\t\t\t\t\t\t\t\t\t\t\t\t<img fetchpriority=\"high\" decoding=\"async\" width=\"768\" height=\"512\" src=\"https:\/\/bahnhoefle-stubersheim.de\/wp-content\/uploads\/2023\/12\/Albhotel-Bahnhoefle_Fruehstueck1_reduziert-768x512.jpg\" class=\"attachment-medium_large size-medium_large wp-image-2995\" alt=\"\" srcset=\"https:\/\/bahnhoefle-stubersheim.de\/wp-content\/uploads\/2023\/12\/Albhotel-Bahnhoefle_Fruehstueck1_reduziert-768x512.jpg 768w, https:\/\/bahnhoefle-stubersheim.de\/wp-content\/uploads\/2023\/12\/Albhotel-Bahnhoefle_Fruehstueck1_reduziert-300x200.jpg 300w, https:\/\/bahnhoefle-stubersheim.de\/wp-content\/uploads\/2023\/12\/Albhotel-Bahnhoefle_Fruehstueck1_reduziert-18x12.jpg 18w, https:\/\/bahnhoefle-stubersheim.de\/wp-content\/uploads\/2023\/12\/Albhotel-Bahnhoefle_Fruehstueck1_reduziert-700x466.jpg 700w, https:\/\/bahnhoefle-stubersheim.de\/wp-content\/uploads\/2023\/12\/Albhotel-Bahnhoefle_Fruehstueck1_reduziert-440x293.jpg 440w, https:\/\/bahnhoefle-stubersheim.de\/wp-content\/uploads\/2023\/12\/Albhotel-Bahnhoefle_Fruehstueck1_reduziert.jpg 800w\" sizes=\"(max-width: 768px) 100vw, 768px\" \/>\t\t\t\t\t\t\t\t\t\t\t\t\t\t\t<\/div>\n\t\t\t\t<\/div>\n\t\t\t\t<div class=\"elementor-element elementor-element-08c77e3 elementor-widget elementor-widget-text-editor\" data-id=\"08c77e3\" data-element_type=\"widget\" data-e-type=\"widget\" data-settings=\"{&quot;hoteller_ext_is_scrollme&quot;:&quot;false&quot;,&quot;hoteller_ext_is_smoove&quot;:&quot;false&quot;,&quot;hoteller_ext_is_parallax_mouse&quot;:&quot;false&quot;,&quot;hoteller_ext_is_infinite&quot;:&quot;false&quot;,&quot;hoteller_ext_is_fadeout_animation&quot;:&quot;false&quot;}\" data-widget_type=\"text-editor.default\">\n\t\t\t\t<div class=\"elementor-widget-container\">\n\t\t\t\t\t\t\t\t\t<h3 style=\"text-align: center;\">Genie\u00dfen Sie jeden Morgen ein herrliches und reichhaltiges Fr\u00fchst\u00fccksbuffet mit gesunden und regionalen Produkten.<\/h3><h3 style=\"text-align: center;\">Schlemmen Sie nach Herzen:<br \/>frische Backwaren, S\u00e4fte, S\u00fc\u00dfes und Herzhaftes, Obst und Gem\u00fcse, Eier, Wurst und K\u00e4se und vieles mehr.<\/h3><h3 style=\"text-align: center;\">Starten Sie gut gest\u00e4rkt in den Tag.<\/h3>\t\t\t\t\t\t\t\t<\/div>\n\t\t\t\t<\/div>\n\t\t\t\t<div class=\"elementor-element elementor-element-b19b0ba elementor-arrows-position-inside elementor-pagination-position-outside elementor-widget elementor-widget-image-carousel\" data-id=\"b19b0ba\" data-element_type=\"widget\" data-e-type=\"widget\" data-settings=\"{&quot;navigation&quot;:&quot;both&quot;,&quot;autoplay&quot;:&quot;yes&quot;,&quot;pause_on_hover&quot;:&quot;yes&quot;,&quot;pause_on_interaction&quot;:&quot;yes&quot;,&quot;autoplay_speed&quot;:5000,&quot;infinite&quot;:&quot;yes&quot;,&quot;speed&quot;:500,&quot;hoteller_ext_is_scrollme&quot;:&quot;false&quot;,&quot;hoteller_ext_is_smoove&quot;:&quot;false&quot;,&quot;hoteller_ext_is_parallax_mouse&quot;:&quot;false&quot;,&quot;hoteller_ext_is_infinite&quot;:&quot;false&quot;,&quot;hoteller_ext_is_fadeout_animation&quot;:&quot;false&quot;}\" data-widget_type=\"image-carousel.default\">\n\t\t\t\t<div class=\"elementor-widget-container\">\n\t\t\t\t\t\t\t<div class=\"elementor-image-carousel-wrapper swiper\" role=\"region\" aria-roledescription=\"carousel\" aria-label=\"Image Carousel\" dir=\"ltr\">\n\t\t\t<div class=\"elementor-image-carousel swiper-wrapper\" aria-live=\"off\">\n\t\t\t\t\t\t\t\t<div class=\"swiper-slide\" role=\"group\" aria-roledescription=\"slide\" aria-label=\"1 of 5\"><figure class=\"swiper-slide-inner\"><img decoding=\"async\" class=\"swiper-slide-image\" src=\"https:\/\/bahnhoefle-stubersheim.de\/wp-content\/uploads\/2023\/12\/Albhotel-Bahnhoefle_Fruehstueck6_reduziert-300x200.jpg\" alt=\"Albhotel-Bahnhoefle_Fr\u00fchst\u00fcck6_reduziert\" \/><\/figure><\/div><div class=\"swiper-slide\" role=\"group\" aria-roledescription=\"slide\" aria-label=\"2 of 5\"><figure class=\"swiper-slide-inner\"><img decoding=\"async\" class=\"swiper-slide-image\" src=\"https:\/\/bahnhoefle-stubersheim.de\/wp-content\/uploads\/2023\/12\/Albhotel-Bahnhoefle_Fruehstueck5_reduziert-300x200.jpg\" alt=\"Albhotel-Bahnhoefle_Fr\u00fchst\u00fcck5_reduziert\" \/><\/figure><\/div><div class=\"swiper-slide\" role=\"group\" aria-roledescription=\"slide\" aria-label=\"3 of 5\"><figure class=\"swiper-slide-inner\"><img decoding=\"async\" class=\"swiper-slide-image\" src=\"https:\/\/bahnhoefle-stubersheim.de\/wp-content\/uploads\/2023\/12\/Albhotel-Bahnhoefle_Fruehstueck4_reduziert-300x200.jpg\" alt=\"Albhotel-Bahnhoefle_Fr\u00fchst\u00fcck4_reduziert\" \/><\/figure><\/div><div class=\"swiper-slide\" role=\"group\" aria-roledescription=\"slide\" aria-label=\"4 of 5\"><figure class=\"swiper-slide-inner\"><img decoding=\"async\" class=\"swiper-slide-image\" src=\"https:\/\/bahnhoefle-stubersheim.de\/wp-content\/uploads\/2023\/12\/Albhotel-Bahnhoefle_Fruehstueck3_reduziert-300x200.jpg\" alt=\"Albhotel-Bahnhoefle_Fr\u00fchst\u00fcck3_reduziert\" \/><\/figure><\/div><div class=\"swiper-slide\" role=\"group\" aria-roledescription=\"slide\" aria-label=\"5 of 5\"><figure class=\"swiper-slide-inner\"><img decoding=\"async\" class=\"swiper-slide-image\" src=\"https:\/\/bahnhoefle-stubersheim.de\/wp-content\/uploads\/2023\/12\/Albhotel-Bahnhoefle_Fruehstueck2_reduziert-300x200.jpg\" alt=\"Albhotel-Bahnhoefle_Fr\u00fchst\u00fcck2_reduziert\" \/><\/figure><\/div>\t\t\t<\/div>\n\t\t\t\t\t\t\t\t\t\t\t\t<div class=\"elementor-swiper-button elementor-swiper-button-prev\" role=\"button\" tabindex=\"0\">\n\t\t\t\t\t\t<svg aria-hidden=\"true\" class=\"e-font-icon-svg e-eicon-chevron-left\" viewbox=\"0 0 1000 1000\" xmlns=\"http:\/\/www.w3.org\/2000\/svg\"><path d=\"M646 125C629 125 613 133 604 142L308 442C296 454 292 471 292 487 292 504 296 521 308 533L604 854C617 867 629 875 646 875 663 875 679 871 692 858 704 846 713 829 713 812 713 796 708 779 692 767L438 487 692 225C700 217 708 204 708 187 708 171 704 154 692 142 675 129 663 125 646 125Z\"><\/path><\/svg>\t\t\t\t\t<\/div>\n\t\t\t\t\t<div class=\"elementor-swiper-button elementor-swiper-button-next\" role=\"button\" tabindex=\"0\">\n\t\t\t\t\t\t<svg aria-hidden=\"true\" class=\"e-font-icon-svg e-eicon-chevron-right\" viewbox=\"0 0 1000 1000\" xmlns=\"http:\/\/www.w3.org\/2000\/svg\"><path d=\"M696 533C708 521 713 504 713 487 713 471 708 454 696 446L400 146C388 133 375 125 354 125 338 125 325 129 313 142 300 154 292 171 292 187 292 204 296 221 308 233L563 492 304 771C292 783 288 800 288 817 288 833 296 850 308 863 321 871 338 875 354 875 371 875 388 867 400 854L696 533Z\"><\/path><\/svg>\t\t\t\t\t<\/div>\n\t\t\t\t\n\t\t\t\t\t\t\t\t\t<div class=\"swiper-pagination\"><\/div>\n\t\t\t\t\t\t\t\t\t<\/div>\n\t\t\t\t\t\t<\/div>\n\t\t\t\t<\/div>\n\t\t\t\t<div class=\"elementor-element elementor-element-f27da74 elementor-widget elementor-widget-spacer\" data-id=\"f27da74\" data-element_type=\"widget\" data-e-type=\"widget\" data-settings=\"{&quot;hoteller_ext_is_scrollme&quot;:&quot;false&quot;,&quot;hoteller_ext_is_smoove&quot;:&quot;false&quot;,&quot;hoteller_ext_is_parallax_mouse&quot;:&quot;false&quot;,&quot;hoteller_ext_is_infinite&quot;:&quot;false&quot;,&quot;hoteller_ext_is_fadeout_animation&quot;:&quot;false&quot;}\" data-widget_type=\"spacer.default\">\n\t\t\t\t<div class=\"elementor-widget-container\">\n\t\t\t\t\t\t\t<div class=\"elementor-spacer\">\n\t\t\t<div class=\"elementor-spacer-inner\"><\/div>\n\t\t<\/div>\n\t\t\t\t\t\t<\/div>\n\t\t\t\t<\/div>\n\t\t\t\t\t<\/div>\n\t\t<\/div>\n\t\t\t\t\t<\/div>\n\t\t<\/section>\n\t\t\t\t<\/div>","protected":false},"excerpt":{"rendered":"<p>Genie\u00dfen Sie jeden Morgen ein herrliches und reichhaltiges Fr\u00fchst\u00fccksbuffet mit gesunden und regionalen Produkten. Schlemmen Sie nach Herzen:frische Backwaren, S\u00e4fte, S\u00fc\u00dfes und Herzhaftes, Obst und Gem\u00fcse, Eier, Wurst und K\u00e4se und vieles mehr. Starten Sie gut gest\u00e4rkt in den Tag.<\/p>","protected":false},"author":1,"featured_media":0,"parent":0,"menu_order":0,"comment_status":"closed","ping_status":"closed","template":"","meta":{"footnotes":""},"class_list":["post-1128","page","type-page","status-publish","hentry"],"_links":{"self":[{"href":"https:\/\/bahnhoefle-stubersheim.de\/en\/wp-json\/wp\/v2\/pages\/1128","targetHints":{"allow":["GET"]}}],"collection":[{"href":"https:\/\/bahnhoefle-stubersheim.de\/en\/wp-json\/wp\/v2\/pages"}],"about":[{"href":"https:\/\/bahnhoefle-stubersheim.de\/en\/wp-json\/wp\/v2\/types\/page"}],"author":[{"embeddable":true,"href":"https:\/\/bahnhoefle-stubersheim.de\/en\/wp-json\/wp\/v2\/users\/1"}],"replies":[{"embeddable":true,"href":"https:\/\/bahnhoefle-stubersheim.de\/en\/wp-json\/wp\/v2\/comments?post=1128"}],"version-history":[{"count":61,"href":"https:\/\/bahnhoefle-stubersheim.de\/en\/wp-json\/wp\/v2\/pages\/1128\/revisions"}],"predecessor-version":[{"id":3052,"href":"https:\/\/bahnhoefle-stubersheim.de\/en\/wp-json\/wp\/v2\/pages\/1128\/revisions\/3052"}],"wp:attachment":[{"href":"https:\/\/bahnhoefle-stubersheim.de\/en\/wp-json\/wp\/v2\/media?parent=1128"}],"curies":[{"name":"wp","href":"https:\/\/api.w.org\/{rel}","templated":true}]}}