{"id":1041,"date":"2022-02-08T11:19:59","date_gmt":"2022-02-08T11:19:59","guid":{"rendered":"https:\/\/bahnhoefle-stubersheim.de\/?page_id=1041"},"modified":"2022-06-20T14:24:20","modified_gmt":"2022-06-20T14:24:20","slug":"historie","status":"publish","type":"page","link":"https:\/\/bahnhoefle-stubersheim.de\/en\/historie\/","title":{"rendered":"History"},"content":{"rendered":"<div data-elementor-type=\"wp-page\" data-elementor-id=\"1041\" class=\"elementor elementor-1041\">\n\t\t\t\t\t\t<section class=\"elementor-section elementor-top-section elementor-element elementor-element-888c775 elementor-section-boxed elementor-section-height-default elementor-section-height-default\" data-id=\"888c775\" data-element_type=\"section\" data-e-type=\"section\" data-settings=\"{&quot;hoteller_ext_is_background_parallax&quot;:&quot;false&quot;,&quot;hoteller_ext_is_background_on_scroll&quot;:&quot;false&quot;}\">\n\t\t\t\t\t\t<div class=\"elementor-container elementor-column-gap-default\">\n\t\t\t\t\t<div class=\"elementor-column elementor-col-100 elementor-top-column elementor-element elementor-element-d29d9d4\" data-id=\"d29d9d4\" data-element_type=\"column\" data-e-type=\"column\" data-settings=\"{&quot;hoteller_ext_is_scrollme&quot;:&quot;false&quot;,&quot;hoteller_ext_is_smoove&quot;:&quot;false&quot;,&quot;hoteller_ext_is_parallax_mouse&quot;:&quot;false&quot;,&quot;hoteller_ext_is_infinite&quot;:&quot;false&quot;,&quot;hoteller_ext_is_fadeout_animation&quot;:&quot;false&quot;}\">\n\t\t\t<div class=\"elementor-widget-wrap elementor-element-populated\">\n\t\t\t\t\t\t<div class=\"elementor-element elementor-element-8621601 elementor-widget elementor-widget-text-editor\" data-id=\"8621601\" data-element_type=\"widget\" data-e-type=\"widget\" data-settings=\"{&quot;hoteller_ext_is_scrollme&quot;:&quot;false&quot;,&quot;hoteller_ext_is_smoove&quot;:&quot;false&quot;,&quot;hoteller_ext_is_parallax_mouse&quot;:&quot;false&quot;,&quot;hoteller_ext_is_infinite&quot;:&quot;false&quot;,&quot;hoteller_ext_is_fadeout_animation&quot;:&quot;false&quot;}\" data-widget_type=\"text-editor.default\">\n\t\t\t\t<div class=\"elementor-widget-container\">\n\t\t\t\t\t\t\t\t\t<p>Stubersheim was founded in <strong>the 6th and 7th century<\/strong> by the Alemanni.<\/p><p>On<strong> 2 May 1092<\/strong> Stubersheim was mentioned for the first time in a donation to the monastery of Schaffhausen.<br \/>The brothers Adelbert and Beringer are listed as witnesses in the document.<\/p><p>In the<strong> 12. <\/strong><strong>th and 13th centuries<\/strong> St. John's Church was built.<br \/>For Stubersheim a medieval noble seat can be deduced from written sources, but it soon lost its importance.<br \/>It is located in the eastern part of the village.<br \/>The Lords of Stubersheim, who may have belonged to the higher nobility, named themselves after him.\u00a0<\/p><p>In Ulm times Stubersheim was the seat of a bailiff.<\/p><p>Stubersheim came to Bavaria in <strong>1803<\/strong> , to the Oberamt Geislingen in <strong>1810 <\/strong>and in <strong>1938 <\/strong>to the district of Ulm.<\/p><p>The municipality of Stubersheim was incorporated into Amstetten <strong>on March 1, 1972<\/strong> .<\/p>\t\t\t\t\t\t\t\t<\/div>\n\t\t\t\t<\/div>\n\t\t\t\t<div class=\"elementor-element elementor-element-299e88b elementor-widget elementor-widget-image\" data-id=\"299e88b\" data-element_type=\"widget\" data-e-type=\"widget\" data-settings=\"{&quot;hoteller_image_is_animation&quot;:&quot;false&quot;,&quot;hoteller_ext_is_scrollme&quot;:&quot;false&quot;,&quot;hoteller_ext_is_smoove&quot;:&quot;false&quot;,&quot;hoteller_ext_is_parallax_mouse&quot;:&quot;false&quot;,&quot;hoteller_ext_is_infinite&quot;:&quot;false&quot;,&quot;hoteller_ext_is_fadeout_animation&quot;:&quot;false&quot;}\" data-widget_type=\"image.default\">\n\t\t\t\t<div class=\"elementor-widget-container\">\n\t\t\t\t\t\t\t\t\t\t\t\t\t\t\t<img fetchpriority=\"high\" decoding=\"async\" width=\"640\" height=\"480\" src=\"https:\/\/bahnhoefle-stubersheim.de\/wp-content\/uploads\/2022\/04\/bahnh-fle-stubersheim-large.jpg\" class=\"attachment-large size-large wp-image-1591\" alt=\"\" srcset=\"https:\/\/bahnhoefle-stubersheim.de\/wp-content\/uploads\/2022\/04\/bahnh-fle-stubersheim-large.jpg 640w, https:\/\/bahnhoefle-stubersheim.de\/wp-content\/uploads\/2022\/04\/bahnh-fle-stubersheim-large-300x225.jpg 300w, https:\/\/bahnhoefle-stubersheim.de\/wp-content\/uploads\/2022\/04\/bahnh-fle-stubersheim-large-16x12.jpg 16w, https:\/\/bahnhoefle-stubersheim.de\/wp-content\/uploads\/2022\/04\/bahnh-fle-stubersheim-large-440x330.jpg 440w, https:\/\/bahnhoefle-stubersheim.de\/wp-content\/uploads\/2022\/04\/bahnh-fle-stubersheim-large-600x450.jpg 600w\" sizes=\"(max-width: 640px) 100vw, 640px\" \/>\t\t\t\t\t\t\t\t\t\t\t\t\t\t\t<\/div>\n\t\t\t\t<\/div>\n\t\t\t\t<div class=\"elementor-element elementor-element-07fcb9c elementor-widget elementor-widget-hoteller-animated-text\" data-id=\"07fcb9c\" data-element_type=\"widget\" data-e-type=\"widget\" data-settings=\"{&quot;hoteller_ext_is_scrollme&quot;:&quot;false&quot;,&quot;hoteller_ext_is_smoove&quot;:&quot;false&quot;,&quot;hoteller_ext_is_parallax_mouse&quot;:&quot;false&quot;,&quot;hoteller_ext_is_infinite&quot;:&quot;false&quot;,&quot;hoteller_ext_is_fadeout_animation&quot;:&quot;false&quot;}\" data-widget_type=\"hoteller-animated-text.default\">\n\t\t\t\t<div class=\"elementor-widget-container\">\n\t\t\t\t\t<div class=\"themegoods-animated-text text-alignment-center transition-bottom overflow-hidden\" data-delimiter=\"word\" data-transition=\"100\" data-transition-delay=\"0\" data-transition-duration=\"800\">\n\t\t<h2>\n\t\tOur Bahnh\u00f6fle\t<\/h2>\n\t<\/div>\t\t\t\t<\/div>\n\t\t\t\t<\/div>\n\t\t\t\t<div class=\"elementor-element elementor-element-0588c49 elementor-widget elementor-widget-text-editor\" data-id=\"0588c49\" data-element_type=\"widget\" data-e-type=\"widget\" data-settings=\"{&quot;hoteller_ext_is_scrollme&quot;:&quot;false&quot;,&quot;hoteller_ext_is_smoove&quot;:&quot;false&quot;,&quot;hoteller_ext_is_parallax_mouse&quot;:&quot;false&quot;,&quot;hoteller_ext_is_infinite&quot;:&quot;false&quot;,&quot;hoteller_ext_is_fadeout_animation&quot;:&quot;false&quot;}\" data-widget_type=\"text-editor.default\">\n\t\t\t\t<div class=\"elementor-widget-container\">\n\t\t\t\t\t\t\t\t\t<p>Was built in <strong>1906<\/strong> as an inn with guest rooms, at the same time opened the railroad line between Gerstetten and Amstetten.<\/p><p><strong>1995<\/strong> Dieter and Armin Junginger acquired the building.\u00a0<\/p><p>In <strong>2000<\/strong> Carsten Junginger took over the house and has been running the restaurant ever since.<\/p><p>Since the seats are no longer sufficient, the winter garden is added in <strong>2002<\/strong> .<\/p><p><strong>2022<\/strong> the hotel will open across the street, so Carsten takes Bahnh\u00f6fle back to the beginning:<\/p><p><strong>\"Restaurant with accommodation\"<\/strong><\/p><p>By the way, our Bahnh\u00f6fle is still known as \"Hotel\" by the locals and the older generation.<\/p>\t\t\t\t\t\t\t\t<\/div>\n\t\t\t\t<\/div>\n\t\t\t\t\t<\/div>\n\t\t<\/div>\n\t\t\t\t\t<\/div>\n\t\t<\/section>\n\t\t\t\t<\/div>","protected":false},"excerpt":{"rendered":"<p>Stubersheim wurde im 6. und 7. Jahrhundert von den Alemannen besiedelt. Am 2. Mai 1092 fand Stubersheim erste urkundliche Erw\u00e4hnung bei einer Schenkung an das Kloster Schaffhausen.Die Br\u00fcder Adelbert und Beringer werden als Zeugen in der Urkunde aufgef\u00fchrt. Im 12. [&hellip;]<\/p>\n","protected":false},"author":1,"featured_media":0,"parent":0,"menu_order":0,"comment_status":"closed","ping_status":"closed","template":"","meta":{"footnotes":""},"class_list":["post-1041","page","type-page","status-publish","hentry"],"_links":{"self":[{"href":"https:\/\/bahnhoefle-stubersheim.de\/en\/wp-json\/wp\/v2\/pages\/1041","targetHints":{"allow":["GET"]}}],"collection":[{"href":"https:\/\/bahnhoefle-stubersheim.de\/en\/wp-json\/wp\/v2\/pages"}],"about":[{"href":"https:\/\/bahnhoefle-stubersheim.de\/en\/wp-json\/wp\/v2\/types\/page"}],"author":[{"embeddable":true,"href":"https:\/\/bahnhoefle-stubersheim.de\/en\/wp-json\/wp\/v2\/users\/1"}],"replies":[{"embeddable":true,"href":"https:\/\/bahnhoefle-stubersheim.de\/en\/wp-json\/wp\/v2\/comments?post=1041"}],"version-history":[{"count":22,"href":"https:\/\/bahnhoefle-stubersheim.de\/en\/wp-json\/wp\/v2\/pages\/1041\/revisions"}],"predecessor-version":[{"id":2427,"href":"https:\/\/bahnhoefle-stubersheim.de\/en\/wp-json\/wp\/v2\/pages\/1041\/revisions\/2427"}],"wp:attachment":[{"href":"https:\/\/bahnhoefle-stubersheim.de\/en\/wp-json\/wp\/v2\/media?parent=1041"}],"curies":[{"name":"wp","href":"https:\/\/api.w.org\/{rel}","templated":true}]}}