{"id":1169,"date":"2022-02-10T12:22:11","date_gmt":"2022-02-10T12:22:11","guid":{"rendered":"https:\/\/bahnhoefle-stubersheim.de\/?page_id=1169"},"modified":"2025-10-16T10:13:59","modified_gmt":"2025-10-16T10:13:59","slug":"hotel","status":"publish","type":"page","link":"http:\/\/bahnhoefle-stubersheim.de\/en\/hotel\/","title":{"rendered":"Hotel"},"content":{"rendered":"<div data-elementor-type=\"wp-page\" data-elementor-id=\"1169\" class=\"elementor elementor-1169\">\n\t\t\t\t\t\t<section class=\"elementor-section elementor-top-section elementor-element elementor-element-54b94b3 elementor-section-stretched elementor-section-height-min-height elementor-section-content-middle elementor-section-boxed elementor-section-height-default elementor-section-items-middle\" data-id=\"54b94b3\" data-element_type=\"section\" data-e-type=\"section\" data-settings=\"{&quot;stretch_section&quot;:&quot;section-stretched&quot;,&quot;background_background&quot;:&quot;classic&quot;,&quot;hoteller_ext_is_background_on_scroll&quot;:&quot;false&quot;}\">\n\t\t\t\t\t\t\t<div class=\"elementor-background-overlay\"><\/div>\n\t\t\t\t\t\t\t<div class=\"elementor-container elementor-column-gap-default\">\n\t\t\t\t\t<div class=\"elementor-column elementor-col-100 elementor-top-column elementor-element elementor-element-0af4b9d\" data-id=\"0af4b9d\" data-element_type=\"column\" data-e-type=\"column\" data-settings=\"{&quot;hoteller_ext_is_scrollme&quot;:&quot;false&quot;,&quot;hoteller_ext_is_smoove&quot;:&quot;false&quot;,&quot;hoteller_ext_is_parallax_mouse&quot;:&quot;false&quot;,&quot;hoteller_ext_is_infinite&quot;:&quot;false&quot;,&quot;hoteller_ext_is_fadeout_animation&quot;:&quot;false&quot;}\">\n\t\t\t<div class=\"elementor-widget-wrap elementor-element-populated\">\n\t\t\t\t\t\t<div class=\"elementor-element elementor-element-af614af elementor-widget elementor-widget-hoteller-animated-text\" data-id=\"af614af\" data-element_type=\"widget\" data-e-type=\"widget\" data-settings=\"{&quot;hoteller_ext_is_fadeout_animation&quot;:&quot;true&quot;,&quot;hoteller_ext_is_fadeout_animation_velocity&quot;:{&quot;unit&quot;:&quot;px&quot;,&quot;size&quot;:0.4,&quot;sizes&quot;:[]},&quot;hoteller_ext_is_scrollme&quot;:&quot;false&quot;,&quot;hoteller_ext_is_smoove&quot;:&quot;false&quot;,&quot;hoteller_ext_is_parallax_mouse&quot;:&quot;false&quot;,&quot;hoteller_ext_is_infinite&quot;:&quot;false&quot;,&quot;hoteller_ext_is_fadeout_animation_direction&quot;:&quot;up&quot;}\" data-widget_type=\"hoteller-animated-text.default\">\n\t\t\t\t<div class=\"elementor-widget-container\">\n\t\t\t\t\t<div class=\"themegoods-animated-text text-alignment-center transition-bottom overflow-hidden\" data-delimiter=\"word\" data-transition=\"100\" data-transition-delay=\"0\" data-transition-duration=\"800\">\n\t\t<h1>\n\t\tHotel\t<\/h1>\n\t<\/div>\t\t\t\t<\/div>\n\t\t\t\t<\/div>\n\t\t\t\t<div class=\"elementor-element elementor-element-b9285de elementor-widget elementor-widget-image\" data-id=\"b9285de\" data-element_type=\"widget\" data-e-type=\"widget\" data-settings=\"{&quot;hoteller_image_is_animation&quot;:&quot;false&quot;,&quot;hoteller_ext_is_scrollme&quot;:&quot;false&quot;,&quot;hoteller_ext_is_smoove&quot;:&quot;false&quot;,&quot;hoteller_ext_is_parallax_mouse&quot;:&quot;false&quot;,&quot;hoteller_ext_is_infinite&quot;:&quot;false&quot;,&quot;hoteller_ext_is_fadeout_animation&quot;:&quot;false&quot;}\" data-widget_type=\"image.default\">\n\t\t\t\t<div class=\"elementor-widget-container\">\n\t\t\t\t\t\t\t\t\t\t\t\t\t\t\t<img decoding=\"async\" width=\"90\" height=\"89\" src=\"https:\/\/bahnhoefle-stubersheim.de\/wp-content\/uploads\/2020\/08\/noun_leaf_1043119-1.png\" class=\"attachment-full size-full wp-image-864\" alt=\"\" \/>\t\t\t\t\t\t\t\t\t\t\t\t\t\t\t<\/div>\n\t\t\t\t<\/div>\n\t\t\t\t\t<\/div>\n\t\t<\/div>\n\t\t\t\t\t<\/div>\n\t\t<\/section>\n\t\t\t\t<section class=\"elementor-section elementor-top-section elementor-element elementor-element-c3d67f4 elementor-section-boxed elementor-section-height-default elementor-section-height-default\" data-id=\"c3d67f4\" data-element_type=\"section\" data-e-type=\"section\" data-settings=\"{&quot;hoteller_ext_is_background_parallax&quot;:&quot;false&quot;,&quot;hoteller_ext_is_background_on_scroll&quot;:&quot;false&quot;}\">\n\t\t\t\t\t\t<div class=\"elementor-container elementor-column-gap-default\">\n\t\t\t\t\t<div class=\"elementor-column elementor-col-100 elementor-top-column elementor-element elementor-element-0702969\" data-id=\"0702969\" data-element_type=\"column\" data-e-type=\"column\" data-settings=\"{&quot;hoteller_ext_is_scrollme&quot;:&quot;false&quot;,&quot;hoteller_ext_is_smoove&quot;:&quot;false&quot;,&quot;hoteller_ext_is_parallax_mouse&quot;:&quot;false&quot;,&quot;hoteller_ext_is_infinite&quot;:&quot;false&quot;,&quot;hoteller_ext_is_fadeout_animation&quot;:&quot;false&quot;}\">\n\t\t\t<div class=\"elementor-widget-wrap elementor-element-populated\">\n\t\t\t\t\t\t<div class=\"elementor-element elementor-element-ca6b4ce elementor-widget elementor-widget-text-editor\" data-id=\"ca6b4ce\" data-element_type=\"widget\" data-e-type=\"widget\" data-settings=\"{&quot;hoteller_ext_is_scrollme&quot;:&quot;false&quot;,&quot;hoteller_ext_is_smoove&quot;:&quot;false&quot;,&quot;hoteller_ext_is_parallax_mouse&quot;:&quot;false&quot;,&quot;hoteller_ext_is_infinite&quot;:&quot;false&quot;,&quot;hoteller_ext_is_fadeout_animation&quot;:&quot;false&quot;}\" data-widget_type=\"text-editor.default\">\n\t\t\t\t<div class=\"elementor-widget-container\">\n\t\t\t\t\t\t\t\t\t<p>With a good mood into the new day - this is ensured by a restful sleep in a pleasant atmosphere, a very personal service and a breakfast (across the street in the Gasthaus &amp; Albhotel zum Bahnh\u00f6fle) that leaves nothing to be desired.\u00a0<\/p><p>Our newly built <strong>Albhotel<\/strong> offers quietly located hotel rooms with a view of the greenery.<br \/>All 14 rooms (8 double rooms, 6 single rooms) have a balcony or outdoor seating area, private shower and WC and are equipped with free WLAN, safe and TV. All rooms of the hotel are bright, well-kept and comfortably furnished.<\/p><p>We offer a wheelchair accessible room and a barrier free room.<br \/>Superior rooms on the upper floor have a room height up to 380 cm.<\/p><p>Kostenlose Parkpl\u00e4tze mit 4 Ladestationen f\u00fcr Elektroautos befinden sich direkt am Haus.<\/p><p>Haustiere nur in bestimmten Zimmer erlaubt, Bitte um Anmeldung, Zusatzgeb\u00fchren.<\/p><p>Smoking and vaporizing is prohibited in all our rooms.\u00a0<\/p>\t\t\t\t\t\t\t\t<\/div>\n\t\t\t\t<\/div>\n\t\t\t\t\t<\/div>\n\t\t<\/div>\n\t\t\t\t\t<\/div>\n\t\t<\/section>\n\t\t\t\t<section class=\"elementor-section elementor-top-section elementor-element elementor-element-735b2de elementor-section-boxed elementor-section-height-default elementor-section-height-default\" data-id=\"735b2de\" data-element_type=\"section\" data-e-type=\"section\" data-settings=\"{&quot;hoteller_ext_is_background_parallax&quot;:&quot;false&quot;,&quot;hoteller_ext_is_background_on_scroll&quot;:&quot;false&quot;}\">\n\t\t\t\t\t\t<div class=\"elementor-container elementor-column-gap-default\">\n\t\t\t\t\t<div class=\"elementor-column elementor-col-33 elementor-top-column elementor-element elementor-element-73cf6e0\" data-id=\"73cf6e0\" data-element_type=\"column\" data-e-type=\"column\" data-settings=\"{&quot;hoteller_ext_is_scrollme&quot;:&quot;false&quot;,&quot;hoteller_ext_is_smoove&quot;:&quot;false&quot;,&quot;hoteller_ext_is_parallax_mouse&quot;:&quot;false&quot;,&quot;hoteller_ext_is_infinite&quot;:&quot;false&quot;,&quot;hoteller_ext_is_fadeout_animation&quot;:&quot;false&quot;}\">\n\t\t\t<div class=\"elementor-widget-wrap elementor-element-populated\">\n\t\t\t\t\t\t<div class=\"elementor-element elementor-element-0ae2faf elementor-widget elementor-widget-image\" data-id=\"0ae2faf\" data-element_type=\"widget\" data-e-type=\"widget\" data-settings=\"{&quot;hoteller_image_is_animation&quot;:&quot;false&quot;,&quot;hoteller_ext_is_scrollme&quot;:&quot;false&quot;,&quot;hoteller_ext_is_smoove&quot;:&quot;false&quot;,&quot;hoteller_ext_is_parallax_mouse&quot;:&quot;false&quot;,&quot;hoteller_ext_is_infinite&quot;:&quot;false&quot;,&quot;hoteller_ext_is_fadeout_animation&quot;:&quot;false&quot;}\" data-widget_type=\"image.default\">\n\t\t\t\t<div class=\"elementor-widget-container\">\n\t\t\t\t\t\t\t\t\t\t\t\t\t\t\t<img fetchpriority=\"high\" decoding=\"async\" width=\"800\" height=\"600\" src=\"https:\/\/bahnhoefle-stubersheim.de\/wp-content\/uploads\/2023\/12\/Albhotel_von_oben-reduziert.jpg\" class=\"attachment-large size-large wp-image-3076\" alt=\"\" srcset=\"https:\/\/bahnhoefle-stubersheim.de\/wp-content\/uploads\/2023\/12\/Albhotel_von_oben-reduziert.jpg 800w, https:\/\/bahnhoefle-stubersheim.de\/wp-content\/uploads\/2023\/12\/Albhotel_von_oben-reduziert-300x225.jpg 300w, https:\/\/bahnhoefle-stubersheim.de\/wp-content\/uploads\/2023\/12\/Albhotel_von_oben-reduziert-768x576.jpg 768w, https:\/\/bahnhoefle-stubersheim.de\/wp-content\/uploads\/2023\/12\/Albhotel_von_oben-reduziert-16x12.jpg 16w, https:\/\/bahnhoefle-stubersheim.de\/wp-content\/uploads\/2023\/12\/Albhotel_von_oben-reduziert-440x330.jpg 440w\" sizes=\"(max-width: 800px) 100vw, 800px\" \/>\t\t\t\t\t\t\t\t\t\t\t\t\t\t\t<\/div>\n\t\t\t\t<\/div>\n\t\t\t\t\t<\/div>\n\t\t<\/div>\n\t\t\t\t<div class=\"elementor-column elementor-col-33 elementor-top-column elementor-element elementor-element-531cba1\" data-id=\"531cba1\" data-element_type=\"column\" data-e-type=\"column\" data-settings=\"{&quot;hoteller_ext_is_scrollme&quot;:&quot;false&quot;,&quot;hoteller_ext_is_smoove&quot;:&quot;false&quot;,&quot;hoteller_ext_is_parallax_mouse&quot;:&quot;false&quot;,&quot;hoteller_ext_is_infinite&quot;:&quot;false&quot;,&quot;hoteller_ext_is_fadeout_animation&quot;:&quot;false&quot;}\">\n\t\t\t<div class=\"elementor-widget-wrap elementor-element-populated\">\n\t\t\t\t\t\t<div class=\"elementor-element elementor-element-369b9cd elementor-widget elementor-widget-image\" data-id=\"369b9cd\" data-element_type=\"widget\" data-e-type=\"widget\" data-settings=\"{&quot;hoteller_image_is_animation&quot;:&quot;false&quot;,&quot;hoteller_ext_is_scrollme&quot;:&quot;false&quot;,&quot;hoteller_ext_is_smoove&quot;:&quot;false&quot;,&quot;hoteller_ext_is_parallax_mouse&quot;:&quot;false&quot;,&quot;hoteller_ext_is_infinite&quot;:&quot;false&quot;,&quot;hoteller_ext_is_fadeout_animation&quot;:&quot;false&quot;}\" data-widget_type=\"image.default\">\n\t\t\t\t<div class=\"elementor-widget-container\">\n\t\t\t\t\t\t\t\t\t\t\t\t\t\t\t<img decoding=\"async\" width=\"768\" height=\"1024\" src=\"https:\/\/bahnhoefle-stubersheim.de\/wp-content\/uploads\/2022\/03\/Baustelle-2-768x1024.jpeg\" class=\"attachment-large size-large wp-image-1491\" alt=\"\" srcset=\"https:\/\/bahnhoefle-stubersheim.de\/wp-content\/uploads\/2022\/03\/Baustelle-2-768x1024.jpeg 768w, https:\/\/bahnhoefle-stubersheim.de\/wp-content\/uploads\/2022\/03\/Baustelle-2-225x300.jpeg 225w, https:\/\/bahnhoefle-stubersheim.de\/wp-content\/uploads\/2022\/03\/Baustelle-2-1152x1536.jpeg 1152w, https:\/\/bahnhoefle-stubersheim.de\/wp-content\/uploads\/2022\/03\/Baustelle-2-1536x2048.jpeg 1536w, https:\/\/bahnhoefle-stubersheim.de\/wp-content\/uploads\/2022\/03\/Baustelle-2-9x12.jpeg 9w, https:\/\/bahnhoefle-stubersheim.de\/wp-content\/uploads\/2022\/03\/Baustelle-2-440x587.jpeg 440w, https:\/\/bahnhoefle-stubersheim.de\/wp-content\/uploads\/2022\/03\/Baustelle-2-600x800.jpeg 600w, https:\/\/bahnhoefle-stubersheim.de\/wp-content\/uploads\/2022\/03\/Baustelle-2-scaled.jpeg 1920w\" sizes=\"(max-width: 768px) 100vw, 768px\" \/>\t\t\t\t\t\t\t\t\t\t\t\t\t\t\t<\/div>\n\t\t\t\t<\/div>\n\t\t\t\t\t<\/div>\n\t\t<\/div>\n\t\t\t\t<div class=\"elementor-column elementor-col-33 elementor-top-column elementor-element elementor-element-060b412\" data-id=\"060b412\" data-element_type=\"column\" data-e-type=\"column\" data-settings=\"{&quot;hoteller_ext_is_scrollme&quot;:&quot;false&quot;,&quot;hoteller_ext_is_smoove&quot;:&quot;false&quot;,&quot;hoteller_ext_is_parallax_mouse&quot;:&quot;false&quot;,&quot;hoteller_ext_is_infinite&quot;:&quot;false&quot;,&quot;hoteller_ext_is_fadeout_animation&quot;:&quot;false&quot;}\">\n\t\t\t<div class=\"elementor-widget-wrap elementor-element-populated\">\n\t\t\t\t\t\t<div class=\"elementor-element elementor-element-437e2c6 elementor-widget elementor-widget-image\" data-id=\"437e2c6\" data-element_type=\"widget\" data-e-type=\"widget\" data-settings=\"{&quot;hoteller_image_is_animation&quot;:&quot;false&quot;,&quot;hoteller_ext_is_scrollme&quot;:&quot;false&quot;,&quot;hoteller_ext_is_smoove&quot;:&quot;false&quot;,&quot;hoteller_ext_is_parallax_mouse&quot;:&quot;false&quot;,&quot;hoteller_ext_is_infinite&quot;:&quot;false&quot;,&quot;hoteller_ext_is_fadeout_animation&quot;:&quot;false&quot;}\" data-widget_type=\"image.default\">\n\t\t\t\t<div class=\"elementor-widget-container\">\n\t\t\t\t\t\t\t\t\t\t\t\t\t\t\t<img loading=\"lazy\" decoding=\"async\" width=\"1024\" height=\"768\" src=\"https:\/\/bahnhoefle-stubersheim.de\/wp-content\/uploads\/2022\/03\/Baustelle1-1024x768.jpeg\" class=\"attachment-large size-large wp-image-1492\" alt=\"\" srcset=\"https:\/\/bahnhoefle-stubersheim.de\/wp-content\/uploads\/2022\/03\/Baustelle1-1024x768.jpeg 1024w, https:\/\/bahnhoefle-stubersheim.de\/wp-content\/uploads\/2022\/03\/Baustelle1-300x225.jpeg 300w, https:\/\/bahnhoefle-stubersheim.de\/wp-content\/uploads\/2022\/03\/Baustelle1-768x576.jpeg 768w, https:\/\/bahnhoefle-stubersheim.de\/wp-content\/uploads\/2022\/03\/Baustelle1-1536x1152.jpeg 1536w, https:\/\/bahnhoefle-stubersheim.de\/wp-content\/uploads\/2022\/03\/Baustelle1-16x12.jpeg 16w, https:\/\/bahnhoefle-stubersheim.de\/wp-content\/uploads\/2022\/03\/Baustelle1-440x330.jpeg 440w, https:\/\/bahnhoefle-stubersheim.de\/wp-content\/uploads\/2022\/03\/Baustelle1-600x450.jpeg 600w, https:\/\/bahnhoefle-stubersheim.de\/wp-content\/uploads\/2022\/03\/Baustelle1.jpeg 1600w\" sizes=\"(max-width: 1024px) 100vw, 1024px\" \/>\t\t\t\t\t\t\t\t\t\t\t\t\t\t\t<\/div>\n\t\t\t\t<\/div>\n\t\t\t\t\t<\/div>\n\t\t<\/div>\n\t\t\t\t\t<\/div>\n\t\t<\/section>\n\t\t\t\t<\/div>","protected":false},"excerpt":{"rendered":"<p>Hotel Mit guter Laune in den neuen Tag \u2013 daf\u00fcr sorgt ein erholsamer Schlaf in angenehmer Atmosph\u00e4re, ein sehr pers\u00f6nlicher Service und ein Fr\u00fchst\u00fcck (gegen\u00fcber im Gasthaus &amp; Albhotel zum Bahnh\u00f6fle), das nichts zu w\u00fcnschen \u00fcbrig l\u00e4sst.\u00a0 Unser neu erbautes [&hellip;]<\/p>\n","protected":false},"author":1,"featured_media":0,"parent":0,"menu_order":0,"comment_status":"closed","ping_status":"closed","template":"","meta":{"footnotes":""},"class_list":["post-1169","page","type-page","status-publish","hentry"],"_links":{"self":[{"href":"http:\/\/bahnhoefle-stubersheim.de\/en\/wp-json\/wp\/v2\/pages\/1169","targetHints":{"allow":["GET"]}}],"collection":[{"href":"http:\/\/bahnhoefle-stubersheim.de\/en\/wp-json\/wp\/v2\/pages"}],"about":[{"href":"http:\/\/bahnhoefle-stubersheim.de\/en\/wp-json\/wp\/v2\/types\/page"}],"author":[{"embeddable":true,"href":"http:\/\/bahnhoefle-stubersheim.de\/en\/wp-json\/wp\/v2\/users\/1"}],"replies":[{"embeddable":true,"href":"http:\/\/bahnhoefle-stubersheim.de\/en\/wp-json\/wp\/v2\/comments?post=1169"}],"version-history":[{"count":42,"href":"http:\/\/bahnhoefle-stubersheim.de\/en\/wp-json\/wp\/v2\/pages\/1169\/revisions"}],"predecessor-version":[{"id":3388,"href":"http:\/\/bahnhoefle-stubersheim.de\/en\/wp-json\/wp\/v2\/pages\/1169\/revisions\/3388"}],"wp:attachment":[{"href":"http:\/\/bahnhoefle-stubersheim.de\/en\/wp-json\/wp\/v2\/media?parent=1169"}],"curies":[{"name":"wp","href":"https:\/\/api.w.org\/{rel}","templated":true}]}}