{"id":1052,"date":"2022-02-08T11:23:19","date_gmt":"2022-02-08T11:23:19","guid":{"rendered":"https:\/\/bahnhoefle-stubersheim.de\/?page_id=1052"},"modified":"2026-01-10T09:56:07","modified_gmt":"2026-01-10T09:56:07","slug":"impressum","status":"publish","type":"page","link":"http:\/\/bahnhoefle-stubersheim.de\/en\/impressum\/","title":{"rendered":"Legal notes"},"content":{"rendered":"<div data-elementor-type=\"wp-page\" data-elementor-id=\"1052\" class=\"elementor elementor-1052\">\n\t\t\t\t\t\t<section class=\"elementor-section elementor-top-section elementor-element elementor-element-097fde4 elementor-section-boxed elementor-section-height-default elementor-section-height-default\" data-id=\"097fde4\" data-element_type=\"section\" data-e-type=\"section\" data-settings=\"{&quot;hoteller_ext_is_background_parallax&quot;:&quot;false&quot;,&quot;hoteller_ext_is_background_on_scroll&quot;:&quot;false&quot;}\">\n\t\t\t\t\t\t<div class=\"elementor-container elementor-column-gap-default\">\n\t\t\t\t\t<div class=\"elementor-column elementor-col-100 elementor-top-column elementor-element elementor-element-51a1139\" data-id=\"51a1139\" data-element_type=\"column\" data-e-type=\"column\" data-settings=\"{&quot;hoteller_ext_is_scrollme&quot;:&quot;false&quot;,&quot;hoteller_ext_is_smoove&quot;:&quot;false&quot;,&quot;hoteller_ext_is_parallax_mouse&quot;:&quot;false&quot;,&quot;hoteller_ext_is_infinite&quot;:&quot;false&quot;,&quot;hoteller_ext_is_fadeout_animation&quot;:&quot;false&quot;}\">\n\t\t\t<div class=\"elementor-widget-wrap elementor-element-populated\">\n\t\t\t\t\t\t<div class=\"elementor-element elementor-element-0898c63 elementor-widget elementor-widget-text-editor\" data-id=\"0898c63\" data-element_type=\"widget\" data-e-type=\"widget\" data-settings=\"{&quot;hoteller_ext_is_scrollme&quot;:&quot;false&quot;,&quot;hoteller_ext_is_smoove&quot;:&quot;false&quot;,&quot;hoteller_ext_is_parallax_mouse&quot;:&quot;false&quot;,&quot;hoteller_ext_is_infinite&quot;:&quot;false&quot;,&quot;hoteller_ext_is_fadeout_animation&quot;:&quot;false&quot;}\" data-widget_type=\"text-editor.default\">\n\t\t\t\t<div class=\"elementor-widget-container\">\n\t\t\t\t\t\t\t\t\t<p><b>Angaben gem\u00e4\u00df \u00a7 5 DDG<br \/><\/b><span style=\"font-size: 16px; letter-spacing: 0px;\">Carsten Junginger<br \/><\/span><span style=\"font-size: 16px; letter-spacing: 0px;\">Gasthaus zum Bahnh\u00f6fle Stubersheim<br \/><\/span><span style=\"font-size: 16px; letter-spacing: 0px;\">Br\u00e4unisheimer Str. 19<br \/><\/span><span style=\"font-size: 16px; letter-spacing: 0px;\">73340 Amstetten<\/span><\/p><p><strong>Vertreten durch: <\/strong><br \/>Carsten Junginger<\/p><p><strong>Kontakt:<\/strong> <br \/>Telefon: +49 (0)7331-44846<br \/>E-Mail: <a>info@bahnhoefle-stubersheim.de<\/a><\/p><p><strong>Umsatzsteuer-ID: <\/strong> <br \/>Umsatzsteuer-Identifikationsnummer gem\u00e4\u00df \u00a727a Umsatzsteuergesetz: DE350407569<\/p><p><b>Verbraucherstreitbeilegung \/ Universalschlichtungsstelle<br \/><\/b><span style=\"font-size: 16px; letter-spacing: 0px;\">Wir nehmen nicht an Streitbeilegungsverfahren vor einer Verbraucherschlichtungsstelle teil und sind dazu auch nicht verpflichtet.<\/span><\/p><p><strong>Datenschutzerkl\u00e4rung<\/strong><br \/>Unter dem folgenden Link finden Sie unsere <a href=\"https:\/\/bahnhoefle-stubersheim.de\/en\/datenschutz\/\" target=\"_blank\" rel=\"noopener\">Datenschutzerkl\u00e4rung<\/a>.<\/p><h3><strong>Haftungsausschluss<\/strong><\/h3><p><strong>Haftung f\u00fcr Inhalte<\/strong><br \/>Die Inhalte unserer Seiten wurden mit gr\u00f6\u00dfter Sorgfalt erstellt. F\u00fcr die Richtigkeit, Vollst\u00e4ndigkeit und Aktualit\u00e4t der Inhalte k\u00f6nnen wir jedoch keine Gew\u00e4hr \u00fcbernehmen. Als Diensteanbieter sind wir gem\u00e4\u00df \u00a7 7 Abs.1 DDG f\u00fcr eigene Inhalte auf diesen Seiten nach den allgemeinen Gesetzen verantwortlich. Nach \u00a7\u00a7 8 bis 10 DDG sind wir als Diensteanbieter jedoch nicht verpflichtet, \u00fcbermittelte oder gespeicherte fremde Informationen zu \u00fcberwachen oder nach Umst\u00e4nden zu forschen, die auf eine rechtswidrige T\u00e4tigkeit hinweisen. Verpflichtungen zur Entfernung oder Sperrung der Nutzung von Informationen nach den allgemeinen Gesetzen bleiben hiervon unber\u00fchrt. Eine diesbez\u00fcgliche Haftung ist jedoch erst ab dem Zeitpunkt der Kenntnis einer konkreten Rechtsverletzung m\u00f6glich. Bei Bekanntwerden von entsprechenden Rechtsverletzungen werden wir diese Inhalte umgehend entfernen.<\/p><p><strong>Haftung f\u00fcr Links<\/strong><br \/>Unser Angebot enth\u00e4lt Links zu externen Webseiten Dritter, auf deren Inhalte wir keinen Einfluss haben. Deshalb k\u00f6nnen wir f\u00fcr diese fremden Inhalte auch keine Gew\u00e4hr \u00fcbernehmen. F\u00fcr die Inhalte der verlinkten Seiten ist stets der jeweilige Anbieter oder Betreiber der Seiten verantwortlich. Die verlinkten Seiten wurden zum Zeitpunkt der Verlinkung auf m\u00f6gliche Rechtsverst\u00f6\u00dfe \u00fcberpr\u00fcft. Rechtswidrige Inhalte waren zum Zeitpunkt der Verlinkung nicht erkennbar. Eine permanente inhaltliche Kontrolle der verlinkten Seiten ist jedoch ohne konkrete Anhaltspunkte einer Rechtsverletzung nicht zumutbar. Bei Bekanntwerden von Rechtsverletzungen werden wir derartige Links umgehend entfernen.<\/p><p><strong>Urheberrecht<\/strong><br \/>Die durch die Seitenbetreiber erstellten Inhalte und Werke auf diesen Seiten unterliegen dem deutschen Urheberrecht. Die Vervielf\u00e4ltigung, Bearbeitung, Verbreitung und jede Art der Verwertung au\u00dferhalb der Grenzen des Urheberrechtes bed\u00fcrfen der schriftlichen Zustimmung des jeweiligen Autors bzw. Erstellers. Downloads und Kopien dieser Seite sind nur f\u00fcr den privaten, nicht kommerziellen Gebrauch gestattet. Soweit die Inhalte auf dieser Seite nicht vom Betreiber erstellt wurden, werden die Urheberrechte Dritter beachtet. Insbesondere werden Inhalte Dritter als solche gekennzeichnet. Sollten Sie trotzdem auf eine Urheberrechtsverletzung aufmerksam werden, bitten wir um einen entsprechenden Hinweis. Bei Bekanntwerden von Rechtsverletzungen werden wir derartige Inhalte umgehend entfernen.<\/p><p>Erstellt mit dem <a href=\"https:\/\/impressum-generator.de\" rel=\"dofollow\">Impressum-Generator<\/a> von WebsiteWissen.com, dem Ratgeber f\u00fcr <a href=\"https:\/\/websitewissen.com\/website-erstellen\" rel=\"dofollow\">Website-Erstellung<\/a>, <a href=\"https:\/\/websitewissen.com\/homepage-baukasten-vergleich\" rel=\"dofollow\">Homepage-Bauk\u00e4sten<\/a> und <a href=\"https:\/\/websitewissen.com\/shopsysteme-vergleich\" rel=\"dofollow\">Shopsysteme<\/a>. Rechtstext von der <a href=\"https:\/\/www.kanzlei-hasselbach.de\/\" rel=\"dofollow\">Kanzlei Hasselbach<\/a>.<\/p>\t\t\t\t\t\t\t\t<\/div>\n\t\t\t\t<\/div>\n\t\t\t\t\t<\/div>\n\t\t<\/div>\n\t\t\t\t\t<\/div>\n\t\t<\/section>\n\t\t\t\t<\/div>","protected":false},"excerpt":{"rendered":"<p>Angaben gem\u00e4\u00df \u00a7 5 DDGCarsten JungingerGasthaus zum Bahnh\u00f6fle StubersheimBr\u00e4unisheimer Str. 1973340 Amstetten Vertreten durch: Carsten Junginger Kontakt: Telefon: +49 (0)7331-44846E-Mail: info@bahnhoefle-stubersheim.de Umsatzsteuer-ID: Umsatzsteuer-Identifikationsnummer gem\u00e4\u00df \u00a727a Umsatzsteuergesetz: DE350407569 Verbraucherstreitbeilegung \/ UniversalschlichtungsstelleWir nehmen nicht an Streitbeilegungsverfahren vor einer Verbraucherschlichtungsstelle teil und sind [&hellip;]<\/p>\n","protected":false},"author":1,"featured_media":0,"parent":0,"menu_order":0,"comment_status":"closed","ping_status":"closed","template":"","meta":{"footnotes":""},"class_list":["post-1052","page","type-page","status-publish","hentry"],"_links":{"self":[{"href":"http:\/\/bahnhoefle-stubersheim.de\/en\/wp-json\/wp\/v2\/pages\/1052","targetHints":{"allow":["GET"]}}],"collection":[{"href":"http:\/\/bahnhoefle-stubersheim.de\/en\/wp-json\/wp\/v2\/pages"}],"about":[{"href":"http:\/\/bahnhoefle-stubersheim.de\/en\/wp-json\/wp\/v2\/types\/page"}],"author":[{"embeddable":true,"href":"http:\/\/bahnhoefle-stubersheim.de\/en\/wp-json\/wp\/v2\/users\/1"}],"replies":[{"embeddable":true,"href":"http:\/\/bahnhoefle-stubersheim.de\/en\/wp-json\/wp\/v2\/comments?post=1052"}],"version-history":[{"count":26,"href":"http:\/\/bahnhoefle-stubersheim.de\/en\/wp-json\/wp\/v2\/pages\/1052\/revisions"}],"predecessor-version":[{"id":3436,"href":"http:\/\/bahnhoefle-stubersheim.de\/en\/wp-json\/wp\/v2\/pages\/1052\/revisions\/3436"}],"wp:attachment":[{"href":"http:\/\/bahnhoefle-stubersheim.de\/en\/wp-json\/wp\/v2\/media?parent=1052"}],"curies":[{"name":"wp","href":"https:\/\/api.w.org\/{rel}","templated":true}]}}